{"id":18939,"date":"2025-12-06T18:38:32","date_gmt":"2025-12-06T16:38:32","guid":{"rendered":"https:\/\/xn--dan-bma.de\/?post_type=product&#038;p=18939"},"modified":"2026-02-09T04:22:26","modified_gmt":"2026-02-09T02:22:26","slug":"zip-front-felt-abaya","status":"publish","type":"product","link":"https:\/\/xn--dan-bma.de\/en\/product\/zip-front-felt-abaya\/","title":{"rendered":"Zip-Front Felt Abaya"},"content":{"rendered":"<p>Designed for cooler days, this maxi dress is crafted from a warm, felt-textured fabric. A full-length zipper and elastic cuffs introduce a modern edge while maintaining effortless comfort and modest elegance.<\/p>\n<p><strong>Size &amp; Fit<\/strong><br \/>\nRelaxed, flowing fit<br \/>\nTrue to size<br \/>\nModel is 167 cm tall and wears size S\/M<\/p>\n<p><strong>Material Composition<\/strong><br \/>\n84% Polyester<br \/>\n10% Viscose<br \/>\n6% Lycra<\/p>\n<p><strong>Care Instructions<\/strong><br \/>\nMachine wash cold on a gentle cycle. Hang dry. Iron on low heat if needed.<\/p>","protected":false},"excerpt":{"rendered":"<p>Dieses Maxikleid aus warmem, filzartigem Stoff ist ideal f\u00fcr k\u00fchlere Tage. Ein durchgehender Rei\u00dfverschluss und elastische \u00c4rmelabschl\u00fcsse verleihen dem Design<\/p>","protected":false},"featured_media":18940,"comment_status":"open","ping_status":"closed","template":"","meta":[],"product_brand":[],"product_cat":[94],"product_tag":[],"class_list":{"0":"post-18939","1":"product","2":"type-product","3":"status-publish","4":"has-post-thumbnail","6":"product_cat-winterkollektion-25-26","8":"first","9":"instock","10":"taxable","11":"shipping-taxable","12":"purchasable","13":"product-type-variable"},"jetpack_sharing_enabled":true,"_links":{"self":[{"href":"https:\/\/xn--dan-bma.de\/en\/wp-json\/wp\/v2\/product\/18939","targetHints":{"allow":["GET"]}}],"collection":[{"href":"https:\/\/xn--dan-bma.de\/en\/wp-json\/wp\/v2\/product"}],"about":[{"href":"https:\/\/xn--dan-bma.de\/en\/wp-json\/wp\/v2\/types\/product"}],"replies":[{"embeddable":true,"href":"https:\/\/xn--dan-bma.de\/en\/wp-json\/wp\/v2\/comments?post=18939"}],"version-history":[{"count":4,"href":"https:\/\/xn--dan-bma.de\/en\/wp-json\/wp\/v2\/product\/18939\/revisions"}],"predecessor-version":[{"id":19143,"href":"https:\/\/xn--dan-bma.de\/en\/wp-json\/wp\/v2\/product\/18939\/revisions\/19143"}],"wp:featuredmedia":[{"embeddable":true,"href":"https:\/\/xn--dan-bma.de\/en\/wp-json\/wp\/v2\/media\/18940"}],"wp:attachment":[{"href":"https:\/\/xn--dan-bma.de\/en\/wp-json\/wp\/v2\/media?parent=18939"}],"wp:term":[{"taxonomy":"product_brand","embeddable":true,"href":"https:\/\/xn--dan-bma.de\/en\/wp-json\/wp\/v2\/product_brand?post=18939"},{"taxonomy":"product_cat","embeddable":true,"href":"https:\/\/xn--dan-bma.de\/en\/wp-json\/wp\/v2\/product_cat?post=18939"},{"taxonomy":"product_tag","embeddable":true,"href":"https:\/\/xn--dan-bma.de\/en\/wp-json\/wp\/v2\/product_tag?post=18939"}],"curies":[{"name":"wp","href":"https:\/\/api.w.org\/{rel}","templated":true}]}}