{"id":18694,"date":"2025-11-27T16:50:18","date_gmt":"2025-11-27T14:50:18","guid":{"rendered":"https:\/\/xn--dan-bma.de\/?page_id=18694"},"modified":"2026-02-09T15:14:06","modified_gmt":"2026-02-09T13:14:06","slug":"refund-exchange-policy","status":"publish","type":"page","link":"https:\/\/xn--dan-bma.de\/en\/refund-exchange-policy\/","title":{"rendered":"Returns and complaints"},"content":{"rendered":"<div data-elementor-type=\"wp-page\" data-elementor-id=\"18694\" class=\"elementor elementor-18694\" data-elementor-post-type=\"page\">\n\t\t\t\t\t\t<section class=\"elementor-section elementor-top-section elementor-element elementor-element-1b05925 elementor-section-boxed elementor-section-height-default elementor-section-height-default wd-section-disabled\" data-id=\"1b05925\" data-element_type=\"section\" data-e-type=\"section\">\n\t\t\t\t\t\t<div class=\"elementor-container elementor-column-gap-default\">\n\t\t\t\t\t<div class=\"elementor-column elementor-col-100 elementor-top-column elementor-element elementor-element-2c00ad2\" data-id=\"2c00ad2\" data-element_type=\"column\" data-e-type=\"column\">\n\t\t\t<div class=\"elementor-widget-wrap elementor-element-populated\">\n\t\t\t\t\t\t<div class=\"elementor-element elementor-element-4ea5b2f elementor-widget elementor-widget-wd_text_block\" data-id=\"4ea5b2f\" data-element_type=\"widget\" data-e-type=\"widget\" data-widget_type=\"wd_text_block.default\">\n\t\t\t\t<div class=\"elementor-widget-container\">\n\t\t\t\t\t\t\t<div class=\"wd-text-block reset-last-child text-left\">\n\t\t\t\n\t\t\t\n\t\t\t\t\t<\/div>\n\t\t\t\t\t\t<\/div>\n\t\t\t\t<\/div>\n\t\t\t\t<div class=\"elementor-element elementor-element-06aee9b elementor-widget elementor-widget-wd_text_block\" data-id=\"06aee9b\" data-element_type=\"widget\" data-e-type=\"widget\" data-widget_type=\"wd_text_block.default\">\n\t\t\t\t<div class=\"elementor-widget-container\">\n\t\t\t\t\t\t\t<div class=\"wd-text-block reset-last-child text-left\">\n\t\t\t\n\t\t\t<h5>Shipping information:<\/h5>\n\t\t\t\t\t<\/div>\n\t\t\t\t\t\t<\/div>\n\t\t\t\t<\/div>\n\t\t\t\t\t<\/div>\n\t\t<\/div>\n\t\t\t\t\t<\/div>\n\t\t<\/section>\n\t\t\t\t<section class=\"elementor-section elementor-top-section elementor-element elementor-element-df72a3a elementor-section-boxed elementor-section-height-default elementor-section-height-default wd-section-disabled\" data-id=\"df72a3a\" data-element_type=\"section\" data-e-type=\"section\">\n\t\t\t\t\t\t<div class=\"elementor-container elementor-column-gap-default\">\n\t\t\t\t\t<div class=\"elementor-column elementor-col-100 elementor-top-column elementor-element elementor-element-62ae38c\" data-id=\"62ae38c\" data-element_type=\"column\" data-e-type=\"column\">\n\t\t\t<div class=\"elementor-widget-wrap elementor-element-populated\">\n\t\t\t\t\t\t<div class=\"elementor-element elementor-element-e12d10b elementor-widget elementor-widget-wd_text_block\" data-id=\"e12d10b\" data-element_type=\"widget\" data-e-type=\"widget\" data-widget_type=\"wd_text_block.default\">\n\t\t\t\t<div class=\"elementor-widget-container\">\n\t\t\t\t\t\t\t<div class=\"wd-text-block reset-last-child text-left\">\n\t\t\t\n\t\t\t<p>The delivery time is approximately 7\u201310 working days.<br \/>Return conditions<br \/>To ensure a full refund of the purchase price, we ask that you return the goods in their original condition only. Please ensure that the following <strong>Criteria are met<\/strong><\/p><p>- The item is unworn, unwashed and in perfect condition.<br \/>- The goods have no odors (e.g. perfume, smoke), stains or signs of wear.<br \/>- All labels are still attached to the product.<\/p>\n\t\t\t\t\t<\/div>\n\t\t\t\t\t\t<\/div>\n\t\t\t\t<\/div>\n\t\t\t\t\t<\/div>\n\t\t<\/div>\n\t\t\t\t\t<\/div>\n\t\t<\/section>\n\t\t\t\t<section class=\"elementor-section elementor-top-section elementor-element elementor-element-13377fe elementor-section-boxed elementor-section-height-default elementor-section-height-default wd-section-disabled\" data-id=\"13377fe\" data-element_type=\"section\" data-e-type=\"section\">\n\t\t\t\t\t\t<div class=\"elementor-container elementor-column-gap-default\">\n\t\t\t\t\t<div class=\"elementor-column elementor-col-100 elementor-top-column elementor-element elementor-element-6e30398\" data-id=\"6e30398\" data-element_type=\"column\" data-e-type=\"column\">\n\t\t\t<div class=\"elementor-widget-wrap elementor-element-populated\">\n\t\t\t\t\t\t<div class=\"elementor-element elementor-element-cf6ab76 elementor-widget elementor-widget-wd_text_block\" data-id=\"cf6ab76\" data-element_type=\"widget\" data-e-type=\"widget\" data-widget_type=\"wd_text_block.default\">\n\t\t\t\t<div class=\"elementor-widget-container\">\n\t\t\t\t\t\t\t<div class=\"wd-text-block reset-last-child text-left\">\n\t\t\t\n\t\t\t<p>Please note: If the returned goods arrive worn or damaged, we unfortunately cannot refund the purchase price. In this case, we reserve the right to return the item to you at your expense.<\/p><p>Costs of return shipping<br \/>The costs for the insured return shipment are to be borne by the buyer. Please keep the proof of shipment in a safe place so that you have proof of dispatch.<\/p><p>\u00a0<\/p>\n\t\t\t\t\t<\/div>\n\t\t\t\t\t\t<\/div>\n\t\t\t\t<\/div>\n\t\t\t\t\t<\/div>\n\t\t<\/div>\n\t\t\t\t\t<\/div>\n\t\t<\/section>\n\t\t\t\t<section class=\"elementor-section elementor-top-section elementor-element elementor-element-49874df elementor-section-boxed elementor-section-height-default elementor-section-height-default wd-section-disabled\" data-id=\"49874df\" data-element_type=\"section\" data-e-type=\"section\">\n\t\t\t\t\t\t<div class=\"elementor-container elementor-column-gap-default\">\n\t\t\t\t\t<div class=\"elementor-column elementor-col-100 elementor-top-column elementor-element elementor-element-3ae3821\" data-id=\"3ae3821\" data-element_type=\"column\" data-e-type=\"column\">\n\t\t\t<div class=\"elementor-widget-wrap elementor-element-populated\">\n\t\t\t\t\t\t<div class=\"elementor-element elementor-element-843d65e elementor-widget elementor-widget-wd_text_block\" data-id=\"843d65e\" data-element_type=\"widget\" data-e-type=\"widget\" data-widget_type=\"wd_text_block.default\">\n\t\t\t\t<div class=\"elementor-widget-container\">\n\t\t\t\t\t\t\t<div class=\"wd-text-block reset-last-child text-left\">\n\t\t\t\n\t\t\t\n\t\t\t\t\t<\/div>\n\t\t\t\t\t\t<\/div>\n\t\t\t\t<\/div>\n\t\t\t\t\t<\/div>\n\t\t<\/div>\n\t\t\t\t\t<\/div>\n\t\t<\/section>\n\t\t\t\t<\/div>","protected":false},"excerpt":{"rendered":"<p>Versandinformationen: Die Lieferzeit betr\u00e4gt ca. 7\u201310 Werktage.R\u00fccksendebedingungen:Um eine vollst\u00e4ndige Erstattung des Kaufpreises zu gew\u00e4hrleisten, bitten wir Sie, die Ware ausschlie\u00dflich<\/p>","protected":false},"author":16,"featured_media":0,"parent":0,"menu_order":0,"comment_status":"closed","ping_status":"closed","template":"","meta":{"footnotes":""},"class_list":["post-18694","page","type-page","status-publish","hentry"],"_hostinger_reach_plugin_has_subscription_block":false,"_hostinger_reach_plugin_is_elementor":false,"jetpack_sharing_enabled":true,"_links":{"self":[{"href":"https:\/\/xn--dan-bma.de\/en\/wp-json\/wp\/v2\/pages\/18694","targetHints":{"allow":["GET"]}}],"collection":[{"href":"https:\/\/xn--dan-bma.de\/en\/wp-json\/wp\/v2\/pages"}],"about":[{"href":"https:\/\/xn--dan-bma.de\/en\/wp-json\/wp\/v2\/types\/page"}],"author":[{"embeddable":true,"href":"https:\/\/xn--dan-bma.de\/en\/wp-json\/wp\/v2\/users\/16"}],"replies":[{"embeddable":true,"href":"https:\/\/xn--dan-bma.de\/en\/wp-json\/wp\/v2\/comments?post=18694"}],"version-history":[{"count":26,"href":"https:\/\/xn--dan-bma.de\/en\/wp-json\/wp\/v2\/pages\/18694\/revisions"}],"predecessor-version":[{"id":19198,"href":"https:\/\/xn--dan-bma.de\/en\/wp-json\/wp\/v2\/pages\/18694\/revisions\/19198"}],"wp:attachment":[{"href":"https:\/\/xn--dan-bma.de\/en\/wp-json\/wp\/v2\/media?parent=18694"}],"curies":[{"name":"wp","href":"https:\/\/api.w.org\/{rel}","templated":true}]}}