{"id":19218,"date":"2026-02-10T17:47:26","date_gmt":"2026-02-10T15:47:26","guid":{"rendered":"https:\/\/xn--dan-bma.de\/?page_id=19218"},"modified":"2026-02-10T17:48:47","modified_gmt":"2026-02-10T15:48:47","slug":"impressum","status":"publish","type":"page","link":"https:\/\/xn--dan-bma.de\/ar\/impressum\/","title":{"rendered":"\u0627\u0644\u0628\u064a\u0627\u0646\u0627\u062a \u0627\u0644\u0642\u0627\u0646\u0648\u0646\u064a\u0629"},"content":{"rendered":"<div data-elementor-type=\"wp-page\" data-elementor-id=\"19218\" class=\"elementor elementor-19218\" data-elementor-post-type=\"page\">\n\t\t\t\t\t\t<section class=\"elementor-section elementor-top-section elementor-element elementor-element-13f91e9 elementor-section-boxed elementor-section-height-default elementor-section-height-default wd-section-disabled\" data-id=\"13f91e9\" data-element_type=\"section\" data-e-type=\"section\">\n\t\t\t\t\t\t<div class=\"elementor-container elementor-column-gap-default\">\n\t\t\t\t\t<div class=\"elementor-column elementor-col-100 elementor-top-column elementor-element elementor-element-5d55a4f\" data-id=\"5d55a4f\" data-element_type=\"column\" data-e-type=\"column\">\n\t\t\t<div class=\"elementor-widget-wrap elementor-element-populated\">\n\t\t\t\t\t\t<div class=\"elementor-element elementor-element-4a07776 elementor-widget elementor-widget-wd_text_block\" data-id=\"4a07776\" data-element_type=\"widget\" data-e-type=\"widget\" data-widget_type=\"wd_text_block.default\">\n\t\t\t\t<div class=\"elementor-widget-container\">\n\t\t\t\t\t\t\t<div class=\"wd-text-block reset-last-child text-left\">\n\t\t\t\n\t\t\t<p>\u0627\u0644\u0628\u064a\u0627\u0646\u0627\u062a \u0627\u0644\u0642\u0627\u0646\u0648\u0646\u064a\u0629 <br \/>\u062f\u064a\u0646<br \/>\u0627\u0644\u0645\u0627\u0644\u0643\u0629: \u0636\u062d\u0649 \u0642\u0627\u0633\u0645<\/p><p>\u062f\u064a\u0646 <br \/>Johannesstra\u00dfe 18<br \/>56070 Koblenz<\/p><p><br \/>\u062e\u062f\u0645\u0629 \u0627\u0644\u0639\u0645\u0644\u0627\u0621 \u0644\u062f\u064a\u0646\u0627 \u0645\u062a\u0627\u062d\u0629 \u062d\u0635\u0631\u064a\u064b\u0627 \u0639\u0628\u0631 \u0627\u0644\u0628\u0631\u064a\u062f \u0627\u0644\u0625\u0644\u0643\u062a\u0631\u0648\u0646\u064a<\/p><p>Mail:deanfashion11@gmail.com<\/p>\n\t\t\t\t\t<\/div>\n\t\t\t\t\t\t<\/div>\n\t\t\t\t<\/div>\n\t\t\t\t\t<\/div>\n\t\t<\/div>\n\t\t\t\t\t<\/div>\n\t\t<\/section>\n\t\t\t\t<\/div>","protected":false},"excerpt":{"rendered":"<p>Impressum: D\u00e9anInhaberin: Doha Kasem D\u00e9an Johannesstra\u00dfe 1856070 Koblenz Unser Kundenservice ist ausschlie\u00dflich via Mail erreichbar. E-Mail: deanfashion11@gmail.com<\/p>","protected":false},"author":16,"featured_media":0,"parent":0,"menu_order":0,"comment_status":"closed","ping_status":"closed","template":"","meta":{"footnotes":""},"class_list":["post-19218","page","type-page","status-publish","hentry"],"_hostinger_reach_plugin_has_subscription_block":false,"_hostinger_reach_plugin_is_elementor":false,"jetpack_sharing_enabled":true,"_links":{"self":[{"href":"https:\/\/xn--dan-bma.de\/ar\/wp-json\/wp\/v2\/pages\/19218","targetHints":{"allow":["GET"]}}],"collection":[{"href":"https:\/\/xn--dan-bma.de\/ar\/wp-json\/wp\/v2\/pages"}],"about":[{"href":"https:\/\/xn--dan-bma.de\/ar\/wp-json\/wp\/v2\/types\/page"}],"author":[{"embeddable":true,"href":"https:\/\/xn--dan-bma.de\/ar\/wp-json\/wp\/v2\/users\/16"}],"replies":[{"embeddable":true,"href":"https:\/\/xn--dan-bma.de\/ar\/wp-json\/wp\/v2\/comments?post=19218"}],"version-history":[{"count":4,"href":"https:\/\/xn--dan-bma.de\/ar\/wp-json\/wp\/v2\/pages\/19218\/revisions"}],"predecessor-version":[{"id":19222,"href":"https:\/\/xn--dan-bma.de\/ar\/wp-json\/wp\/v2\/pages\/19218\/revisions\/19222"}],"wp:attachment":[{"href":"https:\/\/xn--dan-bma.de\/ar\/wp-json\/wp\/v2\/media?parent=19218"}],"curies":[{"name":"wp","href":"https:\/\/api.w.org\/{rel}","templated":true}]}}