{"id":18694,"date":"2025-11-27T16:50:18","date_gmt":"2025-11-27T14:50:18","guid":{"rendered":"https:\/\/xn--dan-bma.de\/?page_id=18694"},"modified":"2026-02-09T15:14:06","modified_gmt":"2026-02-09T13:14:06","slug":"refund-exchange-policy","status":"publish","type":"page","link":"https:\/\/xn--dan-bma.de\/ar\/refund-exchange-policy\/","title":{"rendered":"\u0627\u0644\u0645\u0631\u062a\u062c\u0639\u0627\u062a \u0648\u0627\u0644\u0634\u0643\u0627\u0648\u0649"},"content":{"rendered":"<div data-elementor-type=\"wp-page\" data-elementor-id=\"18694\" class=\"elementor elementor-18694\" data-elementor-post-type=\"page\">\n\t\t\t\t\t\t<section class=\"elementor-section elementor-top-section elementor-element elementor-element-1b05925 elementor-section-boxed elementor-section-height-default elementor-section-height-default wd-section-disabled\" data-id=\"1b05925\" data-element_type=\"section\" data-e-type=\"section\">\n\t\t\t\t\t\t<div class=\"elementor-container elementor-column-gap-default\">\n\t\t\t\t\t<div class=\"elementor-column elementor-col-100 elementor-top-column elementor-element elementor-element-2c00ad2\" data-id=\"2c00ad2\" data-element_type=\"column\" data-e-type=\"column\">\n\t\t\t<div class=\"elementor-widget-wrap elementor-element-populated\">\n\t\t\t\t\t\t<div class=\"elementor-element elementor-element-4ea5b2f elementor-widget elementor-widget-wd_text_block\" data-id=\"4ea5b2f\" data-element_type=\"widget\" data-e-type=\"widget\" data-widget_type=\"wd_text_block.default\">\n\t\t\t\t<div class=\"elementor-widget-container\">\n\t\t\t\t\t\t\t<div class=\"wd-text-block reset-last-child text-left\">\n\t\t\t\n\t\t\t\n\t\t\t\t\t<\/div>\n\t\t\t\t\t\t<\/div>\n\t\t\t\t<\/div>\n\t\t\t\t<div class=\"elementor-element elementor-element-06aee9b elementor-widget elementor-widget-wd_text_block\" data-id=\"06aee9b\" data-element_type=\"widget\" data-e-type=\"widget\" data-widget_type=\"wd_text_block.default\">\n\t\t\t\t<div class=\"elementor-widget-container\">\n\t\t\t\t\t\t\t<div class=\"wd-text-block reset-last-child text-left\">\n\t\t\t\n\t\t\t<h5>\u0645\u0639\u0644\u0648\u0645\u0627\u062a \u0627\u0644\u0634\u062d\u0646<\/h5>\n\t\t\t\t\t<\/div>\n\t\t\t\t\t\t<\/div>\n\t\t\t\t<\/div>\n\t\t\t\t\t<\/div>\n\t\t<\/div>\n\t\t\t\t\t<\/div>\n\t\t<\/section>\n\t\t\t\t<section class=\"elementor-section elementor-top-section elementor-element elementor-element-df72a3a elementor-section-boxed elementor-section-height-default elementor-section-height-default wd-section-disabled\" data-id=\"df72a3a\" data-element_type=\"section\" data-e-type=\"section\">\n\t\t\t\t\t\t<div class=\"elementor-container elementor-column-gap-default\">\n\t\t\t\t\t<div class=\"elementor-column elementor-col-100 elementor-top-column elementor-element elementor-element-62ae38c\" data-id=\"62ae38c\" data-element_type=\"column\" data-e-type=\"column\">\n\t\t\t<div class=\"elementor-widget-wrap elementor-element-populated\">\n\t\t\t\t\t\t<div class=\"elementor-element elementor-element-e12d10b elementor-widget elementor-widget-wd_text_block\" data-id=\"e12d10b\" data-element_type=\"widget\" data-e-type=\"widget\" data-widget_type=\"wd_text_block.default\">\n\t\t\t\t<div class=\"elementor-widget-container\">\n\t\t\t\t\t\t\t<div class=\"wd-text-block reset-last-child text-left\">\n\t\t\t\n\t\t\t<p>\u0645\u062f\u0629 \u0627\u0644\u062a\u0648\u0635\u064a\u0644 \u062a\u062a\u0631\u0627\u0648\u062d \u0628\u064a\u0646 7 \u0648 10 \u0623\u064a\u0627\u0645 \u0639\u0645\u0644 \u062a\u0642\u0631\u064a\u0628\u0627\u064b.<br \/>\u0633\u064a\u0627\u0633\u0629  \u0627\u0644\u0627\u0633\u062a\u0631\u062c\u0627\u0639<br \/>\u0644\u0636\u0645\u0627\u0646 \u0627\u0633\u062a\u0631\u062f\u0627\u062f \u0643\u0627\u0645\u0644 \u062b\u0645\u0646 \u0627\u0644\u0634\u0631\u0627\u0621\u060c \u0646\u0631\u062c\u0648 \u0645\u0646\u0643\u0645 \u0625\u0639\u0627\u062f\u0629 \u0627\u0644\u0628\u0636\u0627\u0626\u0639 \u0641\u064a \u062d\u0627\u0644\u062a\u0647\u0627 \u0627\u0644\u0623\u0635\u0644\u064a\u0629 \u0641\u0642\u0637. \u064a\u0631\u062c\u0649 \u0627\u0644\u062a\u0623\u0643\u062f \u0645\u0645\u0627 \u064a\u0644\u064a <strong>\u062a\u0645 \u0627\u0633\u062a\u064a\u0641\u0627\u0621 \u0627\u0644\u0645\u0639\u0627\u064a\u064a\u0631<\/strong><\/p><p>\u0627\u0644\u0645\u0646\u062a\u062c \u063a\u064a\u0631 \u0645\u0644\u0628\u0648\u0633 \u0648\u063a\u064a\u0631 \u0645\u063a\u0633\u0648\u0644 \u0648\u0641\u064a \u062d\u0627\u0644\u0629 \u0645\u0645\u062a\u0627\u0632\u0629<br \/>\u0644\u0627 \u062a\u062d\u062a\u0648\u064a \u0627\u0644\u0628\u0636\u0627\u0626\u0639 \u0639\u0644\u0649 \u0631\u0648\u0627\u0626\u062d (\u0645\u062b\u0644 \u0627\u0644\u0639\u0637\u0648\u0631 \u0623\u0648 \u0627\u0644\u062f\u062e\u0627\u0646) \u0623\u0648 \u0628\u0642\u0639 \u0623\u0648 \u0639\u0644\u0627\u0645\u0627\u062a \u062a\u0622\u0643\u0644.<br \/>\u0644\u0627 \u062a\u0632\u0627\u0644 \u062c\u0645\u064a\u0639 \u0627\u0644\u0645\u0644\u0635\u0642\u0627\u062a \u0645\u062b\u0628\u062a\u0629 \u0639\u0644\u0649 \u0627\u0644\u0645\u0646\u062a\u062c<\/p>\n\t\t\t\t\t<\/div>\n\t\t\t\t\t\t<\/div>\n\t\t\t\t<\/div>\n\t\t\t\t\t<\/div>\n\t\t<\/div>\n\t\t\t\t\t<\/div>\n\t\t<\/section>\n\t\t\t\t<section class=\"elementor-section elementor-top-section elementor-element elementor-element-13377fe elementor-section-boxed elementor-section-height-default elementor-section-height-default wd-section-disabled\" data-id=\"13377fe\" data-element_type=\"section\" data-e-type=\"section\">\n\t\t\t\t\t\t<div class=\"elementor-container elementor-column-gap-default\">\n\t\t\t\t\t<div class=\"elementor-column elementor-col-100 elementor-top-column elementor-element elementor-element-6e30398\" data-id=\"6e30398\" data-element_type=\"column\" data-e-type=\"column\">\n\t\t\t<div class=\"elementor-widget-wrap elementor-element-populated\">\n\t\t\t\t\t\t<div class=\"elementor-element elementor-element-cf6ab76 elementor-widget elementor-widget-wd_text_block\" data-id=\"cf6ab76\" data-element_type=\"widget\" data-e-type=\"widget\" data-widget_type=\"wd_text_block.default\">\n\t\t\t\t<div class=\"elementor-widget-container\">\n\t\t\t\t\t\t\t<div class=\"wd-text-block reset-last-child text-left\">\n\t\t\t\n\t\t\t<p>\u064a\u0631\u062c\u0649 \u0627\u0644\u0645\u0644\u0627\u062d\u0638\u0629: \u0641\u064a \u062d\u0627\u0644 \u0648\u0635\u0648\u0644 \u0627\u0644\u0628\u0636\u0627\u0626\u0639 \u0627\u0644\u0645\u0631\u062a\u062c\u0639\u0629 \u0645\u0633\u062a\u0639\u0645\u0644\u0629 \u0623\u0648 \u062a\u0627\u0644\u0641\u0629\u060c \u0641\u0644\u0646 \u0646\u062a\u0645\u0643\u0646 \u0644\u0644\u0623\u0633\u0641 \u0645\u0646 \u0631\u062f \u062b\u0645\u0646 \u0627\u0644\u0634\u0631\u0627\u0621. \u0641\u064a \u0647\u0630\u0647 \u0627\u0644\u062d\u0627\u0644\u0629\u060c \u0646\u062d\u062a\u0641\u0638 \u0628\u062d\u0642\u0646\u0627 \u0641\u064a \u0625\u0639\u0627\u062f\u0629 \u0627\u0644\u0645\u0646\u062a\u062c \u0625\u0644\u064a\u0643\u0645 \u0639\u0644\u0649 \u0646\u0641\u0642\u062a\u0643\u0645<\/p><p>\u062a\u0643\u0627\u0644\u064a\u0641 \u0627\u0644\u0634\u062d\u0646 \u0639\u0646\u062f \u0627\u0644\u0625\u0631\u062c\u0627\u0639<br \/>\u064a\u062a\u062d\u0645\u0644 \u0627\u0644\u0645\u0634\u062a\u0631\u064a \u062a\u0643\u0627\u0644\u064a\u0641 \u0627\u0644\u0634\u062d\u0646 \u0627\u0644\u0645\u0624\u0645\u0646 \u0639\u0644\u064a\u0647 \u0639\u0646\u062f \u0627\u0644\u0625\u0631\u062c\u0627\u0639. \u064a\u0631\u062c\u0649 \u0627\u0644\u0627\u062d\u062a\u0641\u0627\u0638 \u0628\u0625\u064a\u0635\u0627\u0644 \u0627\u0644\u0634\u062d\u0646 \u0641\u064a \u0645\u0643\u0627\u0646 \u0622\u0645\u0646 \u0643\u0625\u062b\u0628\u0627\u062a \u0644\u0644\u0625\u0631\u0633\u0627\u0644<\/p><p>\u00a0<\/p>\n\t\t\t\t\t<\/div>\n\t\t\t\t\t\t<\/div>\n\t\t\t\t<\/div>\n\t\t\t\t\t<\/div>\n\t\t<\/div>\n\t\t\t\t\t<\/div>\n\t\t<\/section>\n\t\t\t\t<section class=\"elementor-section elementor-top-section elementor-element elementor-element-49874df elementor-section-boxed elementor-section-height-default elementor-section-height-default wd-section-disabled\" data-id=\"49874df\" data-element_type=\"section\" data-e-type=\"section\">\n\t\t\t\t\t\t<div class=\"elementor-container elementor-column-gap-default\">\n\t\t\t\t\t<div class=\"elementor-column elementor-col-100 elementor-top-column elementor-element elementor-element-3ae3821\" data-id=\"3ae3821\" data-element_type=\"column\" data-e-type=\"column\">\n\t\t\t<div class=\"elementor-widget-wrap elementor-element-populated\">\n\t\t\t\t\t\t<div class=\"elementor-element elementor-element-843d65e elementor-widget elementor-widget-wd_text_block\" data-id=\"843d65e\" data-element_type=\"widget\" data-e-type=\"widget\" data-widget_type=\"wd_text_block.default\">\n\t\t\t\t<div class=\"elementor-widget-container\">\n\t\t\t\t\t\t\t<div class=\"wd-text-block reset-last-child text-left\">\n\t\t\t\n\t\t\t\n\t\t\t\t\t<\/div>\n\t\t\t\t\t\t<\/div>\n\t\t\t\t<\/div>\n\t\t\t\t\t<\/div>\n\t\t<\/div>\n\t\t\t\t\t<\/div>\n\t\t<\/section>\n\t\t\t\t<\/div>","protected":false},"excerpt":{"rendered":"<p>Versandinformationen: Die Lieferzeit betr\u00e4gt ca. 7\u201310 Werktage.R\u00fccksendebedingungen:Um eine vollst\u00e4ndige Erstattung des Kaufpreises zu gew\u00e4hrleisten, bitten wir Sie, die Ware ausschlie\u00dflich<\/p>","protected":false},"author":16,"featured_media":0,"parent":0,"menu_order":0,"comment_status":"closed","ping_status":"closed","template":"","meta":{"footnotes":""},"class_list":["post-18694","page","type-page","status-publish","hentry"],"_hostinger_reach_plugin_has_subscription_block":false,"_hostinger_reach_plugin_is_elementor":false,"jetpack_sharing_enabled":true,"_links":{"self":[{"href":"https:\/\/xn--dan-bma.de\/ar\/wp-json\/wp\/v2\/pages\/18694","targetHints":{"allow":["GET"]}}],"collection":[{"href":"https:\/\/xn--dan-bma.de\/ar\/wp-json\/wp\/v2\/pages"}],"about":[{"href":"https:\/\/xn--dan-bma.de\/ar\/wp-json\/wp\/v2\/types\/page"}],"author":[{"embeddable":true,"href":"https:\/\/xn--dan-bma.de\/ar\/wp-json\/wp\/v2\/users\/16"}],"replies":[{"embeddable":true,"href":"https:\/\/xn--dan-bma.de\/ar\/wp-json\/wp\/v2\/comments?post=18694"}],"version-history":[{"count":26,"href":"https:\/\/xn--dan-bma.de\/ar\/wp-json\/wp\/v2\/pages\/18694\/revisions"}],"predecessor-version":[{"id":19198,"href":"https:\/\/xn--dan-bma.de\/ar\/wp-json\/wp\/v2\/pages\/18694\/revisions\/19198"}],"wp:attachment":[{"href":"https:\/\/xn--dan-bma.de\/ar\/wp-json\/wp\/v2\/media?parent=18694"}],"curies":[{"name":"wp","href":"https:\/\/api.w.org\/{rel}","templated":true}]}}